{"id":12,"date":"2018-09-03T16:37:25","date_gmt":"2018-09-03T19:37:25","guid":{"rendered":"http:\/\/blog.viacolor.com.br\/?page_id=12"},"modified":"2018-09-03T16:37:25","modified_gmt":"2018-09-03T19:37:25","slug":"uma-secao-de-pagina-inicial","status":"publish","type":"page","link":"https:\/\/blog.viacolor.com.br\/index.php\/uma-secao-de-pagina-inicial\/","title":{"rendered":"Uma se\u00e7\u00e3o de p\u00e1gina inicial"},"content":{"rendered":"<p>Este \u00e9 um exemplo de se\u00e7\u00e3o de p\u00e1gina inicial. Se\u00e7\u00f5es de p\u00e1gina inicial podem ser qualquer outra p\u00e1gina que n\u00e3o a p\u00e1gina inicial em si, incluindo a p\u00e1gina que exibe seus \u00faltimos posts do blog.<\/p>\n","protected":false},"excerpt":{"rendered":"<p>Este \u00e9 um exemplo de se\u00e7\u00e3o de p\u00e1gina inicial. Se\u00e7\u00f5es de p\u00e1gina inicial podem ser qualquer outra p\u00e1gina que n\u00e3o a p\u00e1gina inicial em si, incluindo a p\u00e1gina que exibe seus \u00faltimos posts do blog.<\/p>\n","protected":false},"author":1,"featured_media":5,"parent":0,"menu_order":0,"comment_status":"closed","ping_status":"closed","template":"","meta":[],"_links":{"self":[{"href":"https:\/\/blog.viacolor.com.br\/index.php\/wp-json\/wp\/v2\/pages\/12"}],"collection":[{"href":"https:\/\/blog.viacolor.com.br\/index.php\/wp-json\/wp\/v2\/pages"}],"about":[{"href":"https:\/\/blog.viacolor.com.br\/index.php\/wp-json\/wp\/v2\/types\/page"}],"author":[{"embeddable":true,"href":"https:\/\/blog.viacolor.com.br\/index.php\/wp-json\/wp\/v2\/users\/1"}],"replies":[{"embeddable":true,"href":"https:\/\/blog.viacolor.com.br\/index.php\/wp-json\/wp\/v2\/comments?post=12"}],"version-history":[{"count":1,"href":"https:\/\/blog.viacolor.com.br\/index.php\/wp-json\/wp\/v2\/pages\/12\/revisions"}],"predecessor-version":[{"id":26,"href":"https:\/\/blog.viacolor.com.br\/index.php\/wp-json\/wp\/v2\/pages\/12\/revisions\/26"}],"wp:featuredmedia":[{"embeddable":true,"href":"https:\/\/blog.viacolor.com.br\/index.php\/wp-json\/wp\/v2\/media\/5"}],"wp:attachment":[{"href":"https:\/\/blog.viacolor.com.br\/index.php\/wp-json\/wp\/v2\/media?parent=12"}],"curies":[{"name":"wp","href":"https:\/\/api.w.org\/{rel}","templated":true}]}}