{"id":9,"date":"2018-09-03T16:37:24","date_gmt":"2018-09-03T19:37:24","guid":{"rendered":"http:\/\/blog.viacolor.com.br\/?page_id=9"},"modified":"2019-01-15T15:15:15","modified_gmt":"2019-01-15T17:15:15","slug":"sobre","status":"publish","type":"page","link":"https:\/\/blog.viacolor.com.br\/index.php\/sobre\/","title":{"rendered":"Sobre"},"content":{"rendered":"<p>A <a href=\"https:\/\/viacolor.com.br\/\">Viacolor<\/a> \u00e9 um laborat\u00f3rio fotogr\u00e1fico profissional com servi\u00e7o de encadernadora de livros fotogr\u00e1ficos de alto padr\u00e3o e durabilidade. Foi fundada em 1997 em Porto Alegre-RS, onde possui uma estrutura ampla e planejada para o profissional, tendo at\u00e9 os dias de hoje uma grande evolu\u00e7\u00e3o em mat\u00e9ria de equipamentos e qualidade.<\/p>\n<p>Durante todos esses anos de crescimento, a Viacolor tem tido como objetivo atender cada vez melhor os seus clientes e parceiros, preocupando-se muito com o bom atendimento e a qualidade dos seus servi\u00e7os.<\/p>\n<p>Hoje a Viacolor tornou-se uma empresa grande e muito respeitada no ramo da fotografia profissional.<\/p>\n","protected":false},"excerpt":{"rendered":"<p>A Viacolor \u00e9 um laborat\u00f3rio fotogr\u00e1fico profissional com servi\u00e7o de encadernadora de livros fotogr\u00e1ficos de alto padr\u00e3o e durabilidade. Foi fundada em 1997 em Porto Alegre-RS, onde possui uma estrutura ampla e planejada para o profissional, tendo at\u00e9 os dias de hoje uma grande evolu\u00e7\u00e3o em mat\u00e9ria de equipamentos e qualidade. Durante todos esses anos &hellip; <\/p>\n<p class=\"link-more\"><a href=\"https:\/\/blog.viacolor.com.br\/index.php\/sobre\/\" class=\"more-link\">Continue lendo<span class=\"screen-reader-text\"> &#8220;Sobre&#8221;<\/span><\/a><\/p>\n","protected":false},"author":1,"featured_media":0,"parent":0,"menu_order":0,"comment_status":"closed","ping_status":"closed","template":"","meta":[],"_links":{"self":[{"href":"https:\/\/blog.viacolor.com.br\/index.php\/wp-json\/wp\/v2\/pages\/9"}],"collection":[{"href":"https:\/\/blog.viacolor.com.br\/index.php\/wp-json\/wp\/v2\/pages"}],"about":[{"href":"https:\/\/blog.viacolor.com.br\/index.php\/wp-json\/wp\/v2\/types\/page"}],"author":[{"embeddable":true,"href":"https:\/\/blog.viacolor.com.br\/index.php\/wp-json\/wp\/v2\/users\/1"}],"replies":[{"embeddable":true,"href":"https:\/\/blog.viacolor.com.br\/index.php\/wp-json\/wp\/v2\/comments?post=9"}],"version-history":[{"count":3,"href":"https:\/\/blog.viacolor.com.br\/index.php\/wp-json\/wp\/v2\/pages\/9\/revisions"}],"predecessor-version":[{"id":169,"href":"https:\/\/blog.viacolor.com.br\/index.php\/wp-json\/wp\/v2\/pages\/9\/revisions\/169"}],"wp:attachment":[{"href":"https:\/\/blog.viacolor.com.br\/index.php\/wp-json\/wp\/v2\/media?parent=9"}],"curies":[{"name":"wp","href":"https:\/\/api.w.org\/{rel}","templated":true}]}}